{"id":165,"date":"2025-11-06T06:14:32","date_gmt":"2025-11-06T06:14:32","guid":{"rendered":"https:\/\/doctoravida.com\/?page_id=165"},"modified":"2026-04-18T17:40:14","modified_gmt":"2026-04-18T17:40:14","slug":"dermatologia-integrativa","status":"publish","type":"page","link":"https:\/\/doctoravida.com\/en\/dermatologia-integrativa\/","title":{"rendered":"Integrative dermatology"},"content":{"rendered":"<div data-elementor-type=\"wp-page\" data-elementor-id=\"165\" class=\"elementor elementor-165\" data-elementor-settings=\"{&quot;ha_cmc_init_switcher&quot;:&quot;no&quot;}\" data-elementor-post-type=\"page\">\n\t\t\t\t\t\t<section class=\"elementor-section elementor-top-section elementor-element elementor-element-d4ae6d3 elementor-section-boxed elementor-section-height-default elementor-section-height-default elementor-invisible\" data-id=\"d4ae6d3\" data-element_type=\"section\" data-settings=\"{&quot;background_background&quot;:&quot;classic&quot;,&quot;animation&quot;:&quot;fadeInUp&quot;,&quot;_ha_eqh_enable&quot;:false}\">\n\t\t\t\t\t\t\t<div class=\"elementor-background-overlay\"><\/div>\n\t\t\t\t\t\t\t<div class=\"elementor-container elementor-column-gap-default\">\n\t\t\t\t\t<div class=\"elementor-column elementor-col-100 elementor-top-column elementor-element elementor-element-1a196e9\" data-id=\"1a196e9\" data-element_type=\"column\">\n\t\t\t<div class=\"elementor-widget-wrap elementor-element-populated\">\n\t\t\t\t\t\t\t<\/div>\n\t\t<\/div>\n\t\t\t\t\t<\/div>\n\t\t<\/section>\n\t\t<div class=\"elementor-element elementor-element-0c14323 e-flex e-con-boxed e-con e-parent\" data-id=\"0c14323\" data-element_type=\"container\" data-settings=\"{&quot;_ha_eqh_enable&quot;:false}\">\n\t\t\t\t\t<div class=\"e-con-inner\">\n\t\t<div class=\"elementor-element elementor-element-7886405 e-con-full e-flex e-con e-child\" data-id=\"7886405\" data-element_type=\"container\" data-settings=\"{&quot;_ha_eqh_enable&quot;:false}\">\n\t\t\t\t<div class=\"elementor-element elementor-element-01066a5 elementor-widget__width-auto elementor-widget elementor-widget-image\" data-id=\"01066a5\" data-element_type=\"widget\" data-widget_type=\"image.default\">\n\t\t\t\t\t\t\t\t\t\t\t\t\t\t\t<img fetchpriority=\"high\" decoding=\"async\" width=\"739\" height=\"553\" src=\"https:\/\/doctoravida.com\/wp-content\/uploads\/2025\/11\/dermatoscopia-nevus-1-e1762946561192.jpg\" class=\"attachment-full size-full wp-image-158\" alt=\"Dermat\u00f3logo Online\" srcset=\"https:\/\/doctoravida.com\/wp-content\/uploads\/2025\/11\/dermatoscopia-nevus-1-e1762946561192.jpg 739w, https:\/\/doctoravida.com\/wp-content\/uploads\/2025\/11\/dermatoscopia-nevus-1-e1762946561192-300x224.jpg 300w\" sizes=\"(max-width: 739px) 100vw, 739px\" \/>\t\t\t\t\t\t\t\t\t\t\t\t\t\t\t<\/div>\n\t\t\t\t<\/div>\n\t\t<div class=\"elementor-element elementor-element-79b1ce1 e-con-full e-flex e-con e-child\" data-id=\"79b1ce1\" data-element_type=\"container\" data-settings=\"{&quot;_ha_eqh_enable&quot;:false}\">\n\t\t\t\t<div class=\"elementor-element elementor-element-72df555 elementor-widget elementor-widget-text-editor\" data-id=\"72df555\" data-element_type=\"widget\" data-widget_type=\"text-editor.default\">\n\t\t\t\t\t\t\t\t\t<p>Integrative Dermatology combines medical science with a holistic approach to health.<\/p><p>The skin is an endocrine, immunological, and neurological organ that reflects internal and external balance. It is often the first to show signs of illness.<\/p><p>In my practice, we evaluate not only the skin, but also internal variables such as vitamins, minerals, hormones, neurotransmitters, and immunological markers. With this data, I develop an individualized plan that combines:<\/p>\t\t\t\t\t\t\t\t<\/div>\n\t\t\t\t<div class=\"elementor-element elementor-element-0e04fa8 elementor-icon-list--layout-traditional elementor-list-item-link-full_width elementor-widget elementor-widget-icon-list\" data-id=\"0e04fa8\" data-element_type=\"widget\" data-widget_type=\"icon-list.default\">\n\t\t\t\t\t\t\t<ul class=\"elementor-icon-list-items\">\n\t\t\t\t\t\t\t<li class=\"elementor-icon-list-item\">\n\t\t\t\t\t\t\t\t\t\t\t<span class=\"elementor-icon-list-icon\">\n\t\t\t\t\t\t\t<svg aria-hidden=\"true\" class=\"e-font-icon-svg e-fas-check-circle\" viewbox=\"0 0 512 512\" xmlns=\"http:\/\/www.w3.org\/2000\/svg\"><path d=\"M504 256c0 136.967-111.033 248-248 248S8 392.967 8 256 119.033 8 256 8s248 111.033 248 248zM227.314 387.314l184-184c6.248-6.248 6.248-16.379 0-22.627l-22.627-22.627c-6.248-6.249-16.379-6.249-22.628 0L216 308.118l-70.059-70.059c-6.248-6.248-16.379-6.248-22.628 0l-22.627 22.627c-6.248 6.248-6.248 16.379 0 22.627l104 104c6.249 6.249 16.379 6.249 22.628.001z\"><\/path><\/svg>\t\t\t\t\t\t<\/span>\n\t\t\t\t\t\t\t\t\t\t<span class=\"elementor-icon-list-text\">Medical treatment<\/span>\n\t\t\t\t\t\t\t\t\t<\/li>\n\t\t\t\t\t\t\t\t<li class=\"elementor-icon-list-item\">\n\t\t\t\t\t\t\t\t\t\t\t<span class=\"elementor-icon-list-icon\">\n\t\t\t\t\t\t\t<svg aria-hidden=\"true\" class=\"e-font-icon-svg e-fas-check-circle\" viewbox=\"0 0 512 512\" xmlns=\"http:\/\/www.w3.org\/2000\/svg\"><path d=\"M504 256c0 136.967-111.033 248-248 248S8 392.967 8 256 119.033 8 256 8s248 111.033 248 248zM227.314 387.314l184-184c6.248-6.248 6.248-16.379 0-22.627l-22.627-22.627c-6.248-6.249-16.379-6.249-22.628 0L216 308.118l-70.059-70.059c-6.248-6.248-16.379-6.248-22.628 0l-22.627 22.627c-6.248 6.248-6.248 16.379 0 22.627l104 104c6.249 6.249 16.379 6.249 22.628.001z\"><\/path><\/svg>\t\t\t\t\t\t<\/span>\n\t\t\t\t\t\t\t\t\t\t<span class=\"elementor-icon-list-text\">Healthy lifestyle habits<\/span>\n\t\t\t\t\t\t\t\t\t<\/li>\n\t\t\t\t\t\t\t\t<li class=\"elementor-icon-list-item\">\n\t\t\t\t\t\t\t\t\t\t\t<span class=\"elementor-icon-list-icon\">\n\t\t\t\t\t\t\t<svg aria-hidden=\"true\" class=\"e-font-icon-svg e-fas-check-circle\" viewbox=\"0 0 512 512\" xmlns=\"http:\/\/www.w3.org\/2000\/svg\"><path d=\"M504 256c0 136.967-111.033 248-248 248S8 392.967 8 256 119.033 8 256 8s248 111.033 248 248zM227.314 387.314l184-184c6.248-6.248 6.248-16.379 0-22.627l-22.627-22.627c-6.248-6.249-16.379-6.249-22.628 0L216 308.118l-70.059-70.059c-6.248-6.248-16.379-6.248-22.628 0l-22.627 22.627c-6.248 6.248-6.248 16.379 0 22.627l104 104c6.249 6.249 16.379 6.249 22.628.001z\"><\/path><\/svg>\t\t\t\t\t\t<\/span>\n\t\t\t\t\t\t\t\t\t\t<span class=\"elementor-icon-list-text\">Supplementation custom (when necessary).<\/span>\n\t\t\t\t\t\t\t\t\t<\/li>\n\t\t\t\t\t\t\t\t<li class=\"elementor-icon-list-item\">\n\t\t\t\t\t\t\t\t\t\t\t<span class=\"elementor-icon-list-icon\">\n\t\t\t\t\t\t\t<svg aria-hidden=\"true\" class=\"e-font-icon-svg e-fas-check-circle\" viewbox=\"0 0 512 512\" xmlns=\"http:\/\/www.w3.org\/2000\/svg\"><path d=\"M504 256c0 136.967-111.033 248-248 248S8 392.967 8 256 119.033 8 256 8s248 111.033 248 248zM227.314 387.314l184-184c6.248-6.248 6.248-16.379 0-22.627l-22.627-22.627c-6.248-6.249-16.379-6.249-22.628 0L216 308.118l-70.059-70.059c-6.248-6.248-16.379-6.248-22.628 0l-22.627 22.627c-6.248 6.248-6.248 16.379 0 22.627l104 104c6.249 6.249 16.379 6.249 22.628.001z\"><\/path><\/svg>\t\t\t\t\t\t<\/span>\n\t\t\t\t\t\t\t\t\t\t<span class=\"elementor-icon-list-text\">Integrative treatment of aging and prevention of skin cancer.<\/span>\n\t\t\t\t\t\t\t\t\t<\/li>\n\t\t\t\t\t\t<\/ul>\n\t\t\t\t\t\t<\/div>\n\t\t\t\t<div class=\"elementor-element elementor-element-d800e96 elementor-align-left elementor-invisible elementor-widget elementor-widget-button\" data-id=\"d800e96\" data-element_type=\"widget\" data-settings=\"{&quot;_animation_delay&quot;:200,&quot;_animation&quot;:&quot;fadeInUp&quot;}\" data-widget_type=\"button.default\">\n\t\t\t\t\t\t\t\t\t\t<a class=\"elementor-button elementor-button-link elementor-size-sm\" href=\"mailto:citasonline@doctoravida.com\">\n\t\t\t\t\t\t<span class=\"elementor-button-content-wrapper\">\n\t\t\t\t\t\t\t\t\t<span class=\"elementor-button-text\">Book your online consultation<\/span>\n\t\t\t\t\t<\/span>\n\t\t\t\t\t<\/a>\n\t\t\t\t\t\t\t\t<\/div>\n\t\t\t\t<\/div>\n\t\t\t\t\t<\/div>\n\t\t\t\t<\/div>\n\t\t<div class=\"elementor-element elementor-element-ad06791 e-flex e-con-boxed e-con e-parent\" data-id=\"ad06791\" data-element_type=\"container\" data-settings=\"{&quot;_ha_eqh_enable&quot;:false}\">\n\t\t\t\t\t<div class=\"e-con-inner\">\n\t\t\t\t<div class=\"elementor-element elementor-element-bb2f701 elementor-icon-list--layout-inline elementor-align-center elementor-list-item-link-full_width elementor-widget elementor-widget-icon-list\" data-id=\"bb2f701\" data-element_type=\"widget\" data-widget_type=\"icon-list.default\">\n\t\t\t\t\t\t\t<ul class=\"elementor-icon-list-items elementor-inline-items\">\n\t\t\t\t\t\t\t<li class=\"elementor-icon-list-item elementor-inline-item\">\n\t\t\t\t\t\t\t\t\t\t\t<span class=\"elementor-icon-list-icon\">\n\t\t\t\t\t\t\t<svg aria-hidden=\"true\" class=\"e-font-icon-svg e-fas-check-circle\" viewbox=\"0 0 512 512\" xmlns=\"http:\/\/www.w3.org\/2000\/svg\"><path d=\"M504 256c0 136.967-111.033 248-248 248S8 392.967 8 256 119.033 8 256 8s248 111.033 248 248zM227.314 387.314l184-184c6.248-6.248 6.248-16.379 0-22.627l-22.627-22.627c-6.248-6.249-16.379-6.249-22.628 0L216 308.118l-70.059-70.059c-6.248-6.248-16.379-6.248-22.628 0l-22.627 22.627c-6.248 6.248-6.248 16.379 0 22.627l104 104c6.249 6.249 16.379 6.249 22.628.001z\"><\/path><\/svg>\t\t\t\t\t\t<\/span>\n\t\t\t\t\t\t\t\t\t\t<span class=\"elementor-icon-list-text\">Medical consultations without travel<\/span>\n\t\t\t\t\t\t\t\t\t<\/li>\n\t\t\t\t\t\t\t\t<li class=\"elementor-icon-list-item elementor-inline-item\">\n\t\t\t\t\t\t\t\t\t\t\t<span class=\"elementor-icon-list-icon\">\n\t\t\t\t\t\t\t<svg aria-hidden=\"true\" class=\"e-font-icon-svg e-fas-check-circle\" viewbox=\"0 0 512 512\" xmlns=\"http:\/\/www.w3.org\/2000\/svg\"><path d=\"M504 256c0 136.967-111.033 248-248 248S8 392.967 8 256 119.033 8 256 8s248 111.033 248 248zM227.314 387.314l184-184c6.248-6.248 6.248-16.379 0-22.627l-22.627-22.627c-6.248-6.249-16.379-6.249-22.628 0L216 308.118l-70.059-70.059c-6.248-6.248-16.379-6.248-22.628 0l-22.627 22.627c-6.248 6.248-6.248 16.379 0 22.627l104 104c6.249 6.249 16.379 6.249 22.628.001z\"><\/path><\/svg>\t\t\t\t\t\t<\/span>\n\t\t\t\t\t\t\t\t\t\t<span class=\"elementor-icon-list-text\">Requesting and interpreting analytics<\/span>\n\t\t\t\t\t\t\t\t\t<\/li>\n\t\t\t\t\t\t\t\t<li class=\"elementor-icon-list-item elementor-inline-item\">\n\t\t\t\t\t\t\t\t\t\t\t<span class=\"elementor-icon-list-icon\">\n\t\t\t\t\t\t\t<svg aria-hidden=\"true\" class=\"e-font-icon-svg e-fas-check-circle\" viewbox=\"0 0 512 512\" xmlns=\"http:\/\/www.w3.org\/2000\/svg\"><path d=\"M504 256c0 136.967-111.033 248-248 248S8 392.967 8 256 119.033 8 256 8s248 111.033 248 248zM227.314 387.314l184-184c6.248-6.248 6.248-16.379 0-22.627l-22.627-22.627c-6.248-6.249-16.379-6.249-22.628 0L216 308.118l-70.059-70.059c-6.248-6.248-16.379-6.248-22.628 0l-22.627 22.627c-6.248 6.248-6.248 16.379 0 22.627l104 104c6.249 6.249 16.379 6.249 22.628.001z\"><\/path><\/svg>\t\t\t\t\t\t<\/span>\n\t\t\t\t\t\t\t\t\t\t<span class=\"elementor-icon-list-text\">Prescription of treatments and electronic prescriptions<\/span>\n\t\t\t\t\t\t\t\t\t<\/li>\n\t\t\t\t\t\t\t\t<li class=\"elementor-icon-list-item elementor-inline-item\">\n\t\t\t\t\t\t\t\t\t\t\t<span class=\"elementor-icon-list-icon\">\n\t\t\t\t\t\t\t<svg aria-hidden=\"true\" class=\"e-font-icon-svg e-fas-check-circle\" viewbox=\"0 0 512 512\" xmlns=\"http:\/\/www.w3.org\/2000\/svg\"><path d=\"M504 256c0 136.967-111.033 248-248 248S8 392.967 8 256 119.033 8 256 8s248 111.033 248 248zM227.314 387.314l184-184c6.248-6.248 6.248-16.379 0-22.627l-22.627-22.627c-6.248-6.249-16.379-6.249-22.628 0L216 308.118l-70.059-70.059c-6.248-6.248-16.379-6.248-22.628 0l-22.627 22.627c-6.248 6.248-6.248 16.379 0 22.627l104 104c6.249 6.249 16.379 6.249 22.628.001z\"><\/path><\/svg>\t\t\t\t\t\t<\/span>\n\t\t\t\t\t\t\t\t\t\t<span class=\"elementor-icon-list-text\">Organic cosmetics and personalized formulas delivered to your home<\/span>\n\t\t\t\t\t\t\t\t\t<\/li>\n\t\t\t\t\t\t<\/ul>\n\t\t\t\t\t\t<\/div>\n\t\t\t\t\t<\/div>\n\t\t\t\t<\/div>\n\t\t\t\t<\/div>","protected":false},"excerpt":{"rendered":"<p>La Dermatolog\u00eda Integrativa combina la ciencia m\u00e9dica con un abordaje global de la salud. La piel es un \u00f3rgano endocrino, inmunol\u00f3gico y neurol\u00f3gico que refleja el equilibrio interno. y externo. Muchas veces es la primera en mostrar los signos de una enfermedad. En mi consulta evaluamos no solo la piel, sino tambi\u00e9n variables internas como [&hellip;]<\/p>","protected":false},"author":2,"featured_media":0,"parent":0,"menu_order":0,"comment_status":"closed","ping_status":"closed","template":"","meta":{"footnotes":""},"class_list":["post-165","page","type-page","status-publish","hentry"],"yoast_head":"<!-- This site is optimized with the Yoast SEO plugin v26.3 - https:\/\/yoast.com\/wordpress\/plugins\/seo\/ -->\n<title>Dermatolog\u00eda integrativa - doctoravida.com<\/title>\n<meta name=\"robots\" content=\"index, follow, max-snippet:-1, max-image-preview:large, max-video-preview:-1\" \/>\n<link rel=\"canonical\" href=\"https:\/\/doctoravida.com\/en\/dermatologia-integrativa\/\" \/>\n<meta property=\"og:locale\" content=\"en_GB\" \/>\n<meta property=\"og:type\" content=\"article\" \/>\n<meta property=\"og:title\" content=\"Dermatolog\u00eda integrativa - doctoravida.com\" \/>\n<meta property=\"og:description\" content=\"La Dermatolog\u00eda Integrativa combina la ciencia m\u00e9dica con un abordaje global de la salud. La piel es un \u00f3rgano endocrino, inmunol\u00f3gico y neurol\u00f3gico que refleja el equilibrio interno. y externo. Muchas veces es la primera en mostrar los signos de una enfermedad. En mi consulta evaluamos no solo la piel, sino tambi\u00e9n variables internas como [&hellip;]\" \/>\n<meta property=\"og:url\" content=\"https:\/\/doctoravida.com\/en\/dermatologia-integrativa\/\" \/>\n<meta property=\"og:site_name\" content=\"doctoravida.com\" \/>\n<meta property=\"article:modified_time\" content=\"2026-04-18T17:40:14+00:00\" \/>\n<meta property=\"og:image\" content=\"https:\/\/doctoravida.com\/wp-content\/uploads\/2025\/11\/dermatoscopia-nevus-1-e1762946561192.jpg\" \/>\n\t<meta property=\"og:image:width\" content=\"739\" \/>\n\t<meta property=\"og:image:height\" content=\"553\" \/>\n\t<meta property=\"og:image:type\" content=\"image\/jpeg\" \/>\n<meta name=\"twitter:card\" content=\"summary_large_image\" \/>\n<script type=\"application\/ld+json\" class=\"yoast-schema-graph\">{\"@context\":\"https:\/\/schema.org\",\"@graph\":[{\"@type\":\"WebPage\",\"@id\":\"https:\/\/doctoravida.com\/dermatologia-integrativa\/\",\"url\":\"https:\/\/doctoravida.com\/dermatologia-integrativa\/\",\"name\":\"Dermatolog\u00eda integrativa - doctoravida.com\",\"isPartOf\":{\"@id\":\"https:\/\/doctoravida.com\/#website\"},\"primaryImageOfPage\":{\"@id\":\"https:\/\/doctoravida.com\/dermatologia-integrativa\/#primaryimage\"},\"image\":{\"@id\":\"https:\/\/doctoravida.com\/dermatologia-integrativa\/#primaryimage\"},\"thumbnailUrl\":\"https:\/\/doctoravida.com\/wp-content\/uploads\/2025\/11\/dermatoscopia-nevus-1-e1762946561192.jpg\",\"datePublished\":\"2025-11-06T06:14:32+00:00\",\"dateModified\":\"2026-04-18T17:40:14+00:00\",\"breadcrumb\":{\"@id\":\"https:\/\/doctoravida.com\/dermatologia-integrativa\/#breadcrumb\"},\"inLanguage\":\"en-GB\",\"potentialAction\":[{\"@type\":\"ReadAction\",\"target\":[\"https:\/\/doctoravida.com\/dermatologia-integrativa\/\"]}]},{\"@type\":\"ImageObject\",\"inLanguage\":\"en-GB\",\"@id\":\"https:\/\/doctoravida.com\/dermatologia-integrativa\/#primaryimage\",\"url\":\"https:\/\/doctoravida.com\/wp-content\/uploads\/2025\/11\/dermatoscopia-nevus-1-e1762946561192.jpg\",\"contentUrl\":\"https:\/\/doctoravida.com\/wp-content\/uploads\/2025\/11\/dermatoscopia-nevus-1-e1762946561192.jpg\"},{\"@type\":\"BreadcrumbList\",\"@id\":\"https:\/\/doctoravida.com\/dermatologia-integrativa\/#breadcrumb\",\"itemListElement\":[{\"@type\":\"ListItem\",\"position\":1,\"name\":\"Home\",\"item\":\"https:\/\/doctoravida.com\/\"},{\"@type\":\"ListItem\",\"position\":2,\"name\":\"Dermatolog\u00eda integrativa\"}]},{\"@type\":\"WebSite\",\"@id\":\"https:\/\/doctoravida.com\/#website\",\"url\":\"https:\/\/doctoravida.com\/\",\"name\":\"doctoravida.com\",\"description\":\"\",\"potentialAction\":[{\"@type\":\"SearchAction\",\"target\":{\"@type\":\"EntryPoint\",\"urlTemplate\":\"https:\/\/doctoravida.com\/?s={search_term_string}\"},\"query-input\":{\"@type\":\"PropertyValueSpecification\",\"valueRequired\":true,\"valueName\":\"search_term_string\"}}],\"inLanguage\":\"en-GB\"}]}<\/script>\n<!-- \/ Yoast SEO plugin. -->","yoast_head_json":{"title":"Dermatolog\u00eda integrativa - doctoravida.com","robots":{"index":"index","follow":"follow","max-snippet":"max-snippet:-1","max-image-preview":"max-image-preview:large","max-video-preview":"max-video-preview:-1"},"canonical":"https:\/\/doctoravida.com\/en\/dermatologia-integrativa\/","og_locale":"en_GB","og_type":"article","og_title":"Dermatolog\u00eda integrativa - doctoravida.com","og_description":"La Dermatolog\u00eda Integrativa combina la ciencia m\u00e9dica con un abordaje global de la salud. La piel es un \u00f3rgano endocrino, inmunol\u00f3gico y neurol\u00f3gico que refleja el equilibrio interno. y externo. Muchas veces es la primera en mostrar los signos de una enfermedad. En mi consulta evaluamos no solo la piel, sino tambi\u00e9n variables internas como [&hellip;]","og_url":"https:\/\/doctoravida.com\/en\/dermatologia-integrativa\/","og_site_name":"doctoravida.com","article_modified_time":"2026-04-18T17:40:14+00:00","og_image":[{"width":739,"height":553,"url":"https:\/\/doctoravida.com\/wp-content\/uploads\/2025\/11\/dermatoscopia-nevus-1-e1762946561192.jpg","type":"image\/jpeg"}],"twitter_card":"summary_large_image","schema":{"@context":"https:\/\/schema.org","@graph":[{"@type":"WebPage","@id":"https:\/\/doctoravida.com\/dermatologia-integrativa\/","url":"https:\/\/doctoravida.com\/dermatologia-integrativa\/","name":"Dermatolog\u00eda integrativa - doctoravida.com","isPartOf":{"@id":"https:\/\/doctoravida.com\/#website"},"primaryImageOfPage":{"@id":"https:\/\/doctoravida.com\/dermatologia-integrativa\/#primaryimage"},"image":{"@id":"https:\/\/doctoravida.com\/dermatologia-integrativa\/#primaryimage"},"thumbnailUrl":"https:\/\/doctoravida.com\/wp-content\/uploads\/2025\/11\/dermatoscopia-nevus-1-e1762946561192.jpg","datePublished":"2025-11-06T06:14:32+00:00","dateModified":"2026-04-18T17:40:14+00:00","breadcrumb":{"@id":"https:\/\/doctoravida.com\/dermatologia-integrativa\/#breadcrumb"},"inLanguage":"en-GB","potentialAction":[{"@type":"ReadAction","target":["https:\/\/doctoravida.com\/dermatologia-integrativa\/"]}]},{"@type":"ImageObject","inLanguage":"en-GB","@id":"https:\/\/doctoravida.com\/dermatologia-integrativa\/#primaryimage","url":"https:\/\/doctoravida.com\/wp-content\/uploads\/2025\/11\/dermatoscopia-nevus-1-e1762946561192.jpg","contentUrl":"https:\/\/doctoravida.com\/wp-content\/uploads\/2025\/11\/dermatoscopia-nevus-1-e1762946561192.jpg"},{"@type":"BreadcrumbList","@id":"https:\/\/doctoravida.com\/dermatologia-integrativa\/#breadcrumb","itemListElement":[{"@type":"ListItem","position":1,"name":"Home","item":"https:\/\/doctoravida.com\/"},{"@type":"ListItem","position":2,"name":"Dermatolog\u00eda integrativa"}]},{"@type":"WebSite","@id":"https:\/\/doctoravida.com\/#website","url":"https:\/\/doctoravida.com\/","name":"doctoravida.com","description":"","potentialAction":[{"@type":"SearchAction","target":{"@type":"EntryPoint","urlTemplate":"https:\/\/doctoravida.com\/?s={search_term_string}"},"query-input":{"@type":"PropertyValueSpecification","valueRequired":true,"valueName":"search_term_string"}}],"inLanguage":"en-GB"}]}},"_links":{"self":[{"href":"https:\/\/doctoravida.com\/en\/wp-json\/wp\/v2\/pages\/165","targetHints":{"allow":["GET"]}}],"collection":[{"href":"https:\/\/doctoravida.com\/en\/wp-json\/wp\/v2\/pages"}],"about":[{"href":"https:\/\/doctoravida.com\/en\/wp-json\/wp\/v2\/types\/page"}],"author":[{"embeddable":true,"href":"https:\/\/doctoravida.com\/en\/wp-json\/wp\/v2\/users\/2"}],"replies":[{"embeddable":true,"href":"https:\/\/doctoravida.com\/en\/wp-json\/wp\/v2\/comments?post=165"}],"version-history":[{"count":24,"href":"https:\/\/doctoravida.com\/en\/wp-json\/wp\/v2\/pages\/165\/revisions"}],"predecessor-version":[{"id":476,"href":"https:\/\/doctoravida.com\/en\/wp-json\/wp\/v2\/pages\/165\/revisions\/476"}],"wp:attachment":[{"href":"https:\/\/doctoravida.com\/en\/wp-json\/wp\/v2\/media?parent=165"}],"curies":[{"name":"wp","href":"https:\/\/api.w.org\/{rel}","templated":true}]}}