{"id":176,"date":"2025-11-06T08:06:57","date_gmt":"2025-11-06T08:06:57","guid":{"rendered":"https:\/\/doctoravida.com\/?page_id=176"},"modified":"2026-04-18T17:40:14","modified_gmt":"2026-04-18T17:40:14","slug":"asesoria-y-consultoria","status":"publish","type":"page","link":"https:\/\/doctoravida.com\/en\/asesoria-y-consultoria\/","title":{"rendered":"Advice and Consulting"},"content":{"rendered":"<div data-elementor-type=\"wp-page\" data-elementor-id=\"176\" class=\"elementor elementor-176\" data-elementor-settings=\"{&quot;ha_cmc_init_switcher&quot;:&quot;no&quot;}\" data-elementor-post-type=\"page\">\n\t\t\t\t\t\t<section class=\"elementor-section elementor-top-section elementor-element elementor-element-fd26f8f elementor-section-boxed elementor-section-height-default elementor-section-height-default elementor-invisible\" data-id=\"fd26f8f\" data-element_type=\"section\" data-settings=\"{&quot;background_background&quot;:&quot;classic&quot;,&quot;animation&quot;:&quot;fadeInUp&quot;,&quot;_ha_eqh_enable&quot;:false}\">\n\t\t\t\t\t\t\t<div class=\"elementor-background-overlay\"><\/div>\n\t\t\t\t\t\t\t<div class=\"elementor-container elementor-column-gap-default\">\n\t\t\t\t\t<div class=\"elementor-column elementor-col-100 elementor-top-column elementor-element elementor-element-c3d5b3a\" data-id=\"c3d5b3a\" data-element_type=\"column\">\n\t\t\t<div class=\"elementor-widget-wrap elementor-element-populated\">\n\t\t\t\t\t\t\t<\/div>\n\t\t<\/div>\n\t\t\t\t\t<\/div>\n\t\t<\/section>\n\t\t<div class=\"elementor-element elementor-element-68bea9b e-flex e-con-boxed e-con e-parent\" data-id=\"68bea9b\" data-element_type=\"container\" data-settings=\"{&quot;_ha_eqh_enable&quot;:false}\">\n\t\t\t\t\t<div class=\"e-con-inner\">\n\t\t\t\t<div class=\"elementor-element elementor-element-b00a06e elementor-invisible elementor-widget elementor-widget-heading\" data-id=\"b00a06e\" data-element_type=\"widget\" data-settings=\"{&quot;_animation&quot;:&quot;fadeInUp&quot;,&quot;_animation_delay&quot;:100}\" data-widget_type=\"heading.default\">\n\t\t\t\t\t<h2 class=\"elementor-heading-title elementor-size-default\">I offer specialized advice on dermocosmetics and supplementation.<\/h2>\t\t\t\t<\/div>\n\t\t<div class=\"elementor-element elementor-element-9fe0768 e-grid e-con-full elementor-invisible e-con e-child\" data-id=\"9fe0768\" data-element_type=\"container\" data-settings=\"{&quot;animation&quot;:&quot;fadeInUp&quot;,&quot;_ha_eqh_enable&quot;:false}\">\n\t\t<div class=\"elementor-element elementor-element-545d04f e-con-full e-flex e-con e-child\" data-id=\"545d04f\" data-element_type=\"container\" data-settings=\"{&quot;background_background&quot;:&quot;classic&quot;,&quot;_ha_eqh_enable&quot;:false}\">\n\t\t\t\t<div class=\"elementor-element elementor-element-b9a0bf6 elementor-view-stacked elementor-shape-circle elementor-widget elementor-widget-icon\" data-id=\"b9a0bf6\" data-element_type=\"widget\" data-widget_type=\"icon.default\">\n\t\t\t\t\t\t\t<div class=\"elementor-icon-wrapper\">\n\t\t\t<div class=\"elementor-icon\">\n\t\t\t<i aria-hidden=\"true\" class=\"huge huge-test-tube-03\"><\/i>\t\t\t<\/div>\n\t\t<\/div>\n\t\t\t\t\t\t<\/div>\n\t\t\t\t<div class=\"elementor-element elementor-element-510afcc elementor-widget elementor-widget-heading\" data-id=\"510afcc\" data-element_type=\"widget\" data-widget_type=\"heading.default\">\n\t\t\t\t\t<h2 class=\"elementor-heading-title elementor-size-default\">Formulation design (excipients, active ingredients, indications)<\/h2>\t\t\t\t<\/div>\n\t\t\t\t<\/div>\n\t\t<div class=\"elementor-element elementor-element-45d0718 e-con-full e-flex e-con e-child\" data-id=\"45d0718\" data-element_type=\"container\" data-settings=\"{&quot;background_background&quot;:&quot;classic&quot;,&quot;_ha_eqh_enable&quot;:false}\">\n\t\t\t\t<div class=\"elementor-element elementor-element-87cbba0 elementor-view-stacked elementor-shape-circle elementor-widget elementor-widget-icon\" data-id=\"87cbba0\" data-element_type=\"widget\" data-widget_type=\"icon.default\">\n\t\t\t\t\t\t\t<div class=\"elementor-icon-wrapper\">\n\t\t\t<div class=\"elementor-icon\">\n\t\t\t<i aria-hidden=\"true\" class=\"huge huge-give-pill\"><\/i>\t\t\t<\/div>\n\t\t<\/div>\n\t\t\t\t\t\t<\/div>\n\t\t\t\t<div class=\"elementor-element elementor-element-eafa4a5 elementor-widget elementor-widget-heading\" data-id=\"eafa4a5\" data-element_type=\"widget\" data-widget_type=\"heading.default\">\n\t\t\t\t\t<h2 class=\"elementor-heading-title elementor-size-default\">Supplement development<\/h2>\t\t\t\t<\/div>\n\t\t\t\t<\/div>\n\t\t<div class=\"elementor-element elementor-element-1f9a3aa e-con-full e-flex e-con e-child\" data-id=\"1f9a3aa\" data-element_type=\"container\" data-settings=\"{&quot;background_background&quot;:&quot;classic&quot;,&quot;_ha_eqh_enable&quot;:false}\">\n\t\t\t\t<div class=\"elementor-element elementor-element-e9dd060 elementor-view-stacked elementor-shape-circle elementor-widget elementor-widget-icon\" data-id=\"e9dd060\" data-element_type=\"widget\" data-widget_type=\"icon.default\">\n\t\t\t\t\t\t\t<div class=\"elementor-icon-wrapper\">\n\t\t\t<div class=\"elementor-icon\">\n\t\t\t<i aria-hidden=\"true\" class=\"hm hm-pen-paper\"><\/i>\t\t\t<\/div>\n\t\t<\/div>\n\t\t\t\t\t\t<\/div>\n\t\t\t\t<div class=\"elementor-element elementor-element-090701f elementor-widget elementor-widget-heading\" data-id=\"090701f\" data-element_type=\"widget\" data-widget_type=\"heading.default\">\n\t\t\t\t\t<h2 class=\"elementor-heading-title elementor-size-default\">Texts from brochures and explanatory materials<\/h2>\t\t\t\t<\/div>\n\t\t\t\t<\/div>\n\t\t<div class=\"elementor-element elementor-element-f23c284 e-con-full e-flex e-con e-child\" data-id=\"f23c284\" data-element_type=\"container\" data-settings=\"{&quot;background_background&quot;:&quot;classic&quot;,&quot;_ha_eqh_enable&quot;:false}\">\n\t\t\t\t<div class=\"elementor-element elementor-element-9f84187 elementor-view-stacked elementor-shape-circle elementor-widget elementor-widget-icon\" data-id=\"9f84187\" data-element_type=\"widget\" data-widget_type=\"icon.default\">\n\t\t\t\t\t\t\t<div class=\"elementor-icon-wrapper\">\n\t\t\t<div class=\"elementor-icon\">\n\t\t\t<i aria-hidden=\"true\" class=\"huge huge-presentation-02\"><\/i>\t\t\t<\/div>\n\t\t<\/div>\n\t\t\t\t\t\t<\/div>\n\t\t\t\t<div class=\"elementor-element elementor-element-1bc7f8e elementor-widget elementor-widget-heading\" data-id=\"1bc7f8e\" data-element_type=\"widget\" data-widget_type=\"heading.default\">\n\t\t\t\t\t<h2 class=\"elementor-heading-title elementor-size-default\">Conferences and training sessions for product launches<\/h2>\t\t\t\t<\/div>\n\t\t\t\t<\/div>\n\t\t<div class=\"elementor-element elementor-element-d7c78c1 e-con-full e-flex e-con e-child\" data-id=\"d7c78c1\" data-element_type=\"container\" data-settings=\"{&quot;background_background&quot;:&quot;classic&quot;,&quot;_ha_eqh_enable&quot;:false}\">\n\t\t\t\t<div class=\"elementor-element elementor-element-dcfc6b3 elementor-view-stacked elementor-shape-circle elementor-widget elementor-widget-icon\" data-id=\"dcfc6b3\" data-element_type=\"widget\" data-widget_type=\"icon.default\">\n\t\t\t\t\t\t\t<div class=\"elementor-icon-wrapper\">\n\t\t\t<div class=\"elementor-icon\">\n\t\t\t<i aria-hidden=\"true\" class=\"icon icon-microscope\"><\/i>\t\t\t<\/div>\n\t\t<\/div>\n\t\t\t\t\t\t<\/div>\n\t\t\t\t<div class=\"elementor-element elementor-element-64fda2d elementor-widget elementor-widget-heading\" data-id=\"64fda2d\" data-element_type=\"widget\" data-widget_type=\"heading.default\">\n\t\t\t\t\t<h2 class=\"elementor-heading-title elementor-size-default\">Clinical trial consulting<\/h2>\t\t\t\t<\/div>\n\t\t\t\t<\/div>\n\t\t<div class=\"elementor-element elementor-element-0ca4f51 e-con-full e-flex e-con e-child\" data-id=\"0ca4f51\" data-element_type=\"container\" data-settings=\"{&quot;background_background&quot;:&quot;slideshow&quot;,&quot;background_slideshow_gallery&quot;:[{&quot;id&quot;:92,&quot;url&quot;:&quot;https:\\\/\\\/doctoravida.com\\\/wp-content\\\/uploads\\\/2025\\\/11\\\/foto-tto-Terapia-luminica.png&quot;},{&quot;id&quot;:91,&quot;url&quot;:&quot;https:\\\/\\\/doctoravida.com\\\/wp-content\\\/uploads\\\/2025\\\/11\\\/foto-mial-e1762947060254.jpg&quot;},{&quot;id&quot;:330,&quot;url&quot;:&quot;https:\\\/\\\/doctoravida.com\\\/wp-content\\\/uploads\\\/2025\\\/11\\\/Captura-de-pantalla-2025-11-12-123440-1.png&quot;}],&quot;background_slideshow_ken_burns&quot;:&quot;yes&quot;,&quot;background_slideshow_loop&quot;:&quot;yes&quot;,&quot;background_slideshow_slide_duration&quot;:5000,&quot;background_slideshow_slide_transition&quot;:&quot;fade&quot;,&quot;background_slideshow_transition_duration&quot;:500,&quot;background_slideshow_ken_burns_zoom_direction&quot;:&quot;in&quot;,&quot;_ha_eqh_enable&quot;:false}\">\n\t\t\t\t<div class=\"elementor-element elementor-element-9db2524 elementor-widget elementor-widget-spacer\" data-id=\"9db2524\" data-element_type=\"widget\" data-widget_type=\"spacer.default\">\n\t\t\t\t\t\t\t<div class=\"elementor-spacer\">\n\t\t\t<div class=\"elementor-spacer-inner\"><\/div>\n\t\t<\/div>\n\t\t\t\t\t\t<\/div>\n\t\t\t\t<\/div>\n\t\t\t\t<\/div>\n\t\t\t\t<div class=\"elementor-element elementor-element-1895655 elementor-align-center elementor-invisible elementor-widget elementor-widget-button\" data-id=\"1895655\" data-element_type=\"widget\" data-settings=\"{&quot;_animation_delay&quot;:200,&quot;_animation&quot;:&quot;fadeInUp&quot;}\" data-widget_type=\"button.default\">\n\t\t\t\t\t\t\t\t\t\t<a class=\"elementor-button elementor-button-link elementor-size-sm\" href=\"mailto:citasonline@doctoravida.com\">\n\t\t\t\t\t\t<span class=\"elementor-button-content-wrapper\">\n\t\t\t\t\t\t\t\t\t<span class=\"elementor-button-text\">Book your online consultation<\/span>\n\t\t\t\t\t<\/span>\n\t\t\t\t\t<\/a>\n\t\t\t\t\t\t\t\t<\/div>\n\t\t\t\t\t<\/div>\n\t\t\t\t<\/div>\n\t\t\t\t<\/div>","protected":false},"excerpt":{"rendered":"<p>Ofrezco asesoramiento especializado en dermocosm\u00e9tica y suplementaci\u00f3n Dise\u00f1o de f\u00f3rmulas (excipientes, principios activos, indicaciones) Desarrollo de suplementos Textos de prospectos y materiales explicativos Conferencias y formaciones para lanzamientos de producto Asesoramiento en ensayos cl\u00ednicos Pedir cita online<\/p>","protected":false},"author":2,"featured_media":0,"parent":0,"menu_order":0,"comment_status":"closed","ping_status":"closed","template":"","meta":{"footnotes":""},"class_list":["post-176","page","type-page","status-publish","hentry"],"yoast_head":"<!-- This site is optimized with the Yoast SEO plugin v26.3 - https:\/\/yoast.com\/wordpress\/plugins\/seo\/ -->\n<title>Asesor\u00eda y Consultor\u00eda - doctoravida.com<\/title>\n<meta name=\"robots\" content=\"index, follow, max-snippet:-1, max-image-preview:large, max-video-preview:-1\" \/>\n<link rel=\"canonical\" href=\"https:\/\/doctoravida.com\/en\/asesoria-y-consultoria\/\" \/>\n<meta property=\"og:locale\" content=\"en_GB\" \/>\n<meta property=\"og:type\" content=\"article\" \/>\n<meta property=\"og:title\" content=\"Asesor\u00eda y Consultor\u00eda - doctoravida.com\" \/>\n<meta property=\"og:description\" content=\"Ofrezco asesoramiento especializado en dermocosm\u00e9tica y suplementaci\u00f3n Dise\u00f1o de f\u00f3rmulas (excipientes, principios activos, indicaciones) Desarrollo de suplementos Textos de prospectos y materiales explicativos Conferencias y formaciones para lanzamientos de producto Asesoramiento en ensayos cl\u00ednicos Pedir cita online\" \/>\n<meta property=\"og:url\" content=\"https:\/\/doctoravida.com\/en\/asesoria-y-consultoria\/\" \/>\n<meta property=\"og:site_name\" content=\"doctoravida.com\" \/>\n<meta property=\"article:modified_time\" content=\"2026-04-18T17:40:14+00:00\" \/>\n<meta name=\"twitter:card\" content=\"summary_large_image\" \/>\n<script type=\"application\/ld+json\" class=\"yoast-schema-graph\">{\"@context\":\"https:\/\/schema.org\",\"@graph\":[{\"@type\":\"WebPage\",\"@id\":\"https:\/\/doctoravida.com\/asesoria-y-consultoria\/\",\"url\":\"https:\/\/doctoravida.com\/asesoria-y-consultoria\/\",\"name\":\"Asesor\u00eda y Consultor\u00eda - doctoravida.com\",\"isPartOf\":{\"@id\":\"https:\/\/doctoravida.com\/#website\"},\"datePublished\":\"2025-11-06T08:06:57+00:00\",\"dateModified\":\"2026-04-18T17:40:14+00:00\",\"breadcrumb\":{\"@id\":\"https:\/\/doctoravida.com\/asesoria-y-consultoria\/#breadcrumb\"},\"inLanguage\":\"en-GB\",\"potentialAction\":[{\"@type\":\"ReadAction\",\"target\":[\"https:\/\/doctoravida.com\/asesoria-y-consultoria\/\"]}]},{\"@type\":\"BreadcrumbList\",\"@id\":\"https:\/\/doctoravida.com\/asesoria-y-consultoria\/#breadcrumb\",\"itemListElement\":[{\"@type\":\"ListItem\",\"position\":1,\"name\":\"Home\",\"item\":\"https:\/\/doctoravida.com\/\"},{\"@type\":\"ListItem\",\"position\":2,\"name\":\"Asesor\u00eda y Consultor\u00eda\"}]},{\"@type\":\"WebSite\",\"@id\":\"https:\/\/doctoravida.com\/#website\",\"url\":\"https:\/\/doctoravida.com\/\",\"name\":\"doctoravida.com\",\"description\":\"\",\"potentialAction\":[{\"@type\":\"SearchAction\",\"target\":{\"@type\":\"EntryPoint\",\"urlTemplate\":\"https:\/\/doctoravida.com\/?s={search_term_string}\"},\"query-input\":{\"@type\":\"PropertyValueSpecification\",\"valueRequired\":true,\"valueName\":\"search_term_string\"}}],\"inLanguage\":\"en-GB\"}]}<\/script>\n<!-- \/ Yoast SEO plugin. -->","yoast_head_json":{"title":"Asesor\u00eda y Consultor\u00eda - doctoravida.com","robots":{"index":"index","follow":"follow","max-snippet":"max-snippet:-1","max-image-preview":"max-image-preview:large","max-video-preview":"max-video-preview:-1"},"canonical":"https:\/\/doctoravida.com\/en\/asesoria-y-consultoria\/","og_locale":"en_GB","og_type":"article","og_title":"Asesor\u00eda y Consultor\u00eda - doctoravida.com","og_description":"Ofrezco asesoramiento especializado en dermocosm\u00e9tica y suplementaci\u00f3n Dise\u00f1o de f\u00f3rmulas (excipientes, principios activos, indicaciones) Desarrollo de suplementos Textos de prospectos y materiales explicativos Conferencias y formaciones para lanzamientos de producto Asesoramiento en ensayos cl\u00ednicos Pedir cita online","og_url":"https:\/\/doctoravida.com\/en\/asesoria-y-consultoria\/","og_site_name":"doctoravida.com","article_modified_time":"2026-04-18T17:40:14+00:00","twitter_card":"summary_large_image","schema":{"@context":"https:\/\/schema.org","@graph":[{"@type":"WebPage","@id":"https:\/\/doctoravida.com\/asesoria-y-consultoria\/","url":"https:\/\/doctoravida.com\/asesoria-y-consultoria\/","name":"Asesor\u00eda y Consultor\u00eda - doctoravida.com","isPartOf":{"@id":"https:\/\/doctoravida.com\/#website"},"datePublished":"2025-11-06T08:06:57+00:00","dateModified":"2026-04-18T17:40:14+00:00","breadcrumb":{"@id":"https:\/\/doctoravida.com\/asesoria-y-consultoria\/#breadcrumb"},"inLanguage":"en-GB","potentialAction":[{"@type":"ReadAction","target":["https:\/\/doctoravida.com\/asesoria-y-consultoria\/"]}]},{"@type":"BreadcrumbList","@id":"https:\/\/doctoravida.com\/asesoria-y-consultoria\/#breadcrumb","itemListElement":[{"@type":"ListItem","position":1,"name":"Home","item":"https:\/\/doctoravida.com\/"},{"@type":"ListItem","position":2,"name":"Asesor\u00eda y Consultor\u00eda"}]},{"@type":"WebSite","@id":"https:\/\/doctoravida.com\/#website","url":"https:\/\/doctoravida.com\/","name":"doctoravida.com","description":"","potentialAction":[{"@type":"SearchAction","target":{"@type":"EntryPoint","urlTemplate":"https:\/\/doctoravida.com\/?s={search_term_string}"},"query-input":{"@type":"PropertyValueSpecification","valueRequired":true,"valueName":"search_term_string"}}],"inLanguage":"en-GB"}]}},"_links":{"self":[{"href":"https:\/\/doctoravida.com\/en\/wp-json\/wp\/v2\/pages\/176","targetHints":{"allow":["GET"]}}],"collection":[{"href":"https:\/\/doctoravida.com\/en\/wp-json\/wp\/v2\/pages"}],"about":[{"href":"https:\/\/doctoravida.com\/en\/wp-json\/wp\/v2\/types\/page"}],"author":[{"embeddable":true,"href":"https:\/\/doctoravida.com\/en\/wp-json\/wp\/v2\/users\/2"}],"replies":[{"embeddable":true,"href":"https:\/\/doctoravida.com\/en\/wp-json\/wp\/v2\/comments?post=176"}],"version-history":[{"count":22,"href":"https:\/\/doctoravida.com\/en\/wp-json\/wp\/v2\/pages\/176\/revisions"}],"predecessor-version":[{"id":470,"href":"https:\/\/doctoravida.com\/en\/wp-json\/wp\/v2\/pages\/176\/revisions\/470"}],"wp:attachment":[{"href":"https:\/\/doctoravida.com\/en\/wp-json\/wp\/v2\/media?parent=176"}],"curies":[{"name":"wp","href":"https:\/\/api.w.org\/{rel}","templated":true}]}}