{"id":404,"date":"2025-12-23T09:28:08","date_gmt":"2025-12-23T09:28:08","guid":{"rendered":"https:\/\/doctoravida.com\/?page_id=404"},"modified":"2026-04-18T17:40:14","modified_gmt":"2026-04-18T17:40:14","slug":"politica-de-cookies","status":"publish","type":"page","link":"https:\/\/doctoravida.com\/en\/politica-de-cookies\/","title":{"rendered":"Cookie policy"},"content":{"rendered":"<div data-elementor-type=\"wp-page\" data-elementor-id=\"404\" class=\"elementor elementor-404\" data-elementor-settings=\"{&quot;ha_cmc_init_switcher&quot;:&quot;no&quot;}\" data-elementor-post-type=\"page\">\n\t\t\t\t<div class=\"elementor-element elementor-element-351430e e-flex e-con-boxed e-con e-parent\" data-id=\"351430e\" data-element_type=\"container\" data-settings=\"{&quot;_ha_eqh_enable&quot;:false}\">\n\t\t\t\t\t<div class=\"e-con-inner\">\n\t\t\t\t<div class=\"elementor-element elementor-element-ba7345a elementor-widget elementor-widget-text-editor\" data-id=\"ba7345a\" data-element_type=\"widget\" data-widget_type=\"text-editor.default\">\n\t\t\t\t\t\t\t\t\t<p><strong>INFORMATION ABOUT COOKIES<\/strong><\/p>\n<p>In accordance with the Law 34\/2002, of 11 July, on services of the information society and electronic commerce (LSSI), in relation to the Regulation (EU) 2016\/679 of the European Parliament and of the Council of 27 April 2016, General Data Protection (GDPR) and Organic Law 3\/2018, of December 5, of Protection of Data and Guarantee of Digital Rights (LOPDGDD), it is required to obtain the express consent of the user of all web pages that use cookies dispensable, before it navigates through them.<\/p>\n<p><strong>WHAT ARE COOKIES?<\/strong><\/p>\n<p>Cookies and other similar technologies such as local shared objects, flash cookies or pixels, are tools used by Web servers to store and retrieve information about their visitors, as well as to offer a correct functioning of the site.<br>Through the use of these devices enables the Web server to remember some data concerning the user, such as their preferences for viewing the pages of that server, name and password, products that interest them most, etc<\/p>\n<p><strong>COOKIES AFFECTED BY THE REGULATIONS AND COOKIES EXCEPTED<\/strong><\/p>\n<p>According to the EU directive, cookies that require informed consent by the user are cookies analytics and advertising and affiliation, being with the exception of a technical nature and those necessary for the operation of the website or the provision of services expressly requested by the user.<\/p>\n<p><strong>TYPES OF COOKIES<\/strong><\/p>\n<p><strong>ACCORDING TO THE PURPOSE<\/strong><\/p>\n<ul>\n<li><strong>Cookies technical and functional<\/strong>: are those that allow the user to navigate through a web page, platform or application and use the different options or services it exist.<\/li>\n<li><strong>Analytical Cookies<\/strong>: are those that allow the responsible of the same monitoring and analyzing the behavior of users of the websites to which they are linked. The information collected through this type of cookies is used in measuring the activity of web sites, application or platform and for the profiling of user navigation of such sites, applications and platforms, with the aim of introducing improvements based on the analysis of usage data that users make of the service.<\/li>\n<li><strong>Cookies advertising<\/strong>: are those that allow the management, in the most efficient way possible, of the advertising spaces that, if applicable, the editor has included in a web page, application or platform from which provides the service requested based on criteria as the edited content or the frequency in which the ads are shown.<\/li>\n<li><strong>Cookies for behavioural advertising<\/strong>: collect information about the preferences and personal choices of the user (retargeting) to allow the management, in the most efficient way possible, of the advertising spaces that, if applicable, the editor has included in a web page, application or platform from providing the requested service.<\/li>\n<li><strong>Cookies social<\/strong>: they are set by social media platforms in the services to enable you to share content with your friends and networks. Social media platforms have the capability to track your online activity outside of the Services.\n<p>This may impact the content and messages you see on other services that you visit.<\/p>\n<p><strong>Cookies affiliates<\/strong>: allow you to track visits from other websites, with which the website establishes affiliate agreement (corporate membership).<br><strong>Security Cookies<\/strong>: store information encrypted to prevent the data stored on them are vulnerable to malicious attacks by third parties.<\/p>\n<p><strong>ACCORDING TO THE PROPERTY<\/strong><\/p>\n<ul>\n<li><strong>First-party Cookies<\/strong>: are those that are sent to the user's terminal equipment from a computer or domain managed by the editor itself and from which provides the service requested by the user.<\/li>\n<li><strong>Third party Cookies<\/strong>: are those that are sent to the user's terminal equipment from a computer or domain that is not managed by the publisher but by another entity that treats the data obtained through the cookies.<\/li>\n<\/ul>\n<p><strong>ACCORDING TO THE CONSERVATION PERIOD<\/strong><\/p>\n<ul>\n<li><strong>Session Cookies<\/strong>: are a type of cookies designed to collect and store data while the user accesses a web page.<\/li>\n<li><strong>Persistent Cookies<\/strong>: are a type of cookies in which data are still stored in the terminal and can be accessed and processed during a period defined by the person responsible for the cookie, which can range from a few minutes to several years.<\/li>\n<\/ul>\n<p><strong>TREATMENT OF PERSONAL DATA<\/strong><\/p>\n<p><span style=\"background-color: transparent;\">by Dr. Christina Schepers<\/span>&nbsp;is Responsible for the processing of personal data of the person Concerned and informs that this data will be processed in accordance with the provisions of Regulation (EU) 2016\/679 of 27 April 2016 (GDPR), which facilitates the following treatment information:<\/p>\n<ul>\n<li><strong>Purposes of the processing<\/strong>: as specified in the section on cookies used in this web site.<\/li>\n<li><strong>Legitimation of the treatment<\/strong>: except in cases where it is necessary for the navigation of the web, by the consent of the interested party (art. 6.1.to GDPR).<\/li>\n<li><strong>Criteria of conservation of the data<\/strong>: as specified in the section on cookies used in the website.<\/li>\n<li><strong>Communication of the data<\/strong>: failure to communicate the data to third parties, except in the cookies property of the third party, or by legal obligation.<\/li>\n<\/ul>\n<p><strong>Rights that assist the Interested<\/strong>:<\/p>\n<ul>\n<li>Right to withdraw consent at any time.<\/li>\n<li>Right of access, rectification, portability and deletion of your data and the limitation or opposition to your treatment.<\/li>\n<li>Right to lodge a complaint with the supervisory Authority (<a href=\"http:\/\/www.aepd.es\/\" target=\"_new\" rel=\"noopener\">www.aepd.es<\/a>) if it considers that the treatment does not conform to the regulations in force.<\/li>\n<\/ul>\n<p><strong>Data of contact to exercise your rights<\/strong>: Dr. Christina Schepers.<br>E-mail:&nbsp;<a rel=\"noopener\">doctoravida.com<\/a><\/p>\n<p><strong>COOKIES USED ON THIS WEBSITE<\/strong><\/p>\n<p><strong>COOKIES WHICH ARE CONTROLLED BY THE EDITOR<\/strong><\/p>\n<p><strong>Technical and functional<\/strong><\/p>\n<table>\n<thead>\n<tr>\n<th>Property<\/th>\n<th>Cookie<\/th>\n<th>Purpose<\/th>\n<th>Term<\/th>\n<\/tr>\n<\/thead>\n<tbody>\n<tr>\n<td>doctoravida.com<\/td>\n<td>_ga_KGVZ67TY5M<\/td>\n<td>Cookie is necessary for the use of the services and options of the website<\/td>\n<td>in a year<\/td>\n<\/tr>\n<tr>\n<td>google.com<\/td>\n<td>__Secure-ENID<\/td>\n<td>Cookie is necessary for the use of the services and options of the website<\/td>\n<td>in a year<\/td>\n<\/tr>\n<tr>\n<td>google.com<\/td>\n<td>AEC<\/td>\n<td>Cookie is necessary for the use of the services and options of the website<\/td>\n<td>6 months<\/td>\n<\/tr>\n<tr>\n<td>google.com<\/td>\n<td>SOCS<\/td>\n<td>Cookie is necessary for the use of the services and options of the website<\/td>\n<td>in a year<\/td>\n<\/tr>\n<\/tbody>\n<\/table>\n<p><strong>Analytical<\/strong><\/p>\n<table>\n<thead>\n<tr>\n<th>Property<\/th>\n<th>Cookie<\/th>\n<th>Purpose<\/th>\n<th>Term<\/th>\n<\/tr>\n<\/thead>\n<tbody>\n<tr>\n<td>Google Analytics<\/td>\n<td>_ga<\/td>\n<td>ID used to identify users<\/td>\n<td>in a year<\/td>\n<\/tr>\n<\/tbody>\n<\/table>\n<p><strong>Advertising<\/strong><\/p>\n<table>\n<thead>\n<tr>\n<th>Property<\/th>\n<th>Cookie<\/th>\n<th>Purpose<\/th>\n<th>Term<\/th>\n<\/tr>\n<\/thead>\n<tbody>\n<tr>\n<td>Google<\/td>\n<td>DV<\/td>\n<td>These cookies are used to collect website statistics and track conversion rates, and the personalization of ads in Google<\/td>\n<td>Session<\/td>\n<\/tr>\n<\/tbody>\n<\/table>\n<hr>\n<p><strong>THIRD PARTY COOKIES<\/strong><\/p>\n<p>Third-party services are outside the control of the editor. Providers can modify at any time their conditions of service, purpose and use of the cookies, etc.<\/p>\n<p><strong>Third-party provider of this website:<\/strong><\/p>\n<table>\n<thead>\n<tr>\n<th>Editor<\/th>\n<th>Privacy policy<\/th>\n<\/tr>\n<\/thead>\n<tbody>\n<tr>\n<td>Google Analytics<\/td>\n<td><a href=\"https:\/\/privacy.google.com\/take-control.html\" target=\"_new\" rel=\"noopener\">https:\/\/privacy.google.com\/take-control.html<\/a><\/td>\n<\/tr>\n<tr>\n<td>Google<\/td>\n<td><a href=\"https:\/\/privacy.google.com\/take-control.html\" target=\"_new\" rel=\"noopener\">https:\/\/privacy.google.com\/take-control.html<\/a><\/td>\n<\/tr>\n<\/tbody>\n<\/table>\n<hr>\n<p><strong>CONFIGURATION PANEL OF COOKIES<\/strong><\/p>\n<p>From this panel you can configure the cookies that the website may install in your browser, except for the technical cookies, or functional, that are necessary for the navigation and use of the various options or services offered.<\/p>\n<p><a href=\"https:\/\/cardeseo.com\/politica-de-cookies\/#\" rel=\"noopener\"><strong>Panel of cookies<\/strong><\/a><\/p>\n<p><strong>HOW TO MANAGE COOKIES FROM YOUR BROWSER<\/strong><\/p>\n<table>\n<thead>\n<tr>\n<th>Action<\/th>\n<th>Description<\/th>\n<\/tr>\n<\/thead>\n<tbody>\n<tr>\n<td><strong>To delete cookies from your device<\/strong><\/td>\n<td>Cookies that are already on a device can be removed by deleting the browser history, so delete the cookies from all websites visited. However, you can also lose some saved information (for example, the login data or preferences of web-site).<\/td>\n<\/tr>\n<tr>\n<td><strong>Manage the specific cookies on the site<\/strong><\/td>\n<td>For a more precise control of the specific cookies from each site, users can adjust their privacy settings and cookies in the browser.<\/td>\n<\/tr>\n<tr>\n<td><strong>Blocking cookies<\/strong><\/td>\n<td>Although most modern browsers can be set to prevent cookies to be placed on the devices, that can bind to the manual adjustment of certain preferences every time you visit a site or page. In addition, some features and services may not function correctly (for example, the beginning of the session with a profile).<\/td>\n<\/tr>\n<\/tbody>\n<\/table>\n<hr>\n<p><strong>HOW TO DELETE COOKIES IN THE MOST COMMON BROWSERS<\/strong><\/p>\n<ul>\n<li><strong>Chrome<\/strong>:&nbsp;<a href=\"http:\/\/support.google.com\/chrome\/answer\/95647?hl=es\" target=\"_new\" rel=\"noopener\">http:\/\/support.google.com\/chrome\/answer\/95647?hl=es<\/a><\/li>\n<li><strong>Edge<\/strong>:&nbsp;<a href=\"https:\/\/support.microsoft.com\/es-es\/microsoft-edge\/eliminar-las-cookies-en-microsoft-edge-63947406-40ac-c3b8-57b9-2a946a29ae09\" target=\"_new\" rel=\"noopener\">https:\/\/support.microsoft.com\/es-es\/microsoft-edge\/eliminar-las-cookies-en-microsoft-edge-63947406-40ac-c3b8-57b9-2a946a29ae09<\/a><\/li>\n<li><strong>Explorer<\/strong>:&nbsp;<a href=\"https:\/\/support.microsoft.com\/es-es\/help\/278835\/how-to-delete-cookie-files-in-internet-explorer\" target=\"_new\" rel=\"noopener\">https:\/\/support.microsoft.com\/es-es\/help\/278835\/how-to-delete-cookie-files-in-internet-explorer<\/a><\/li>\n<li><strong>Firefox<\/strong>:&nbsp;<a href=\"https:\/\/www.mozilla.org\/es-ES\/privacy\/websites\/#cookies\" target=\"_new\" rel=\"noopener\">https:\/\/www.mozilla.org\/es-ES\/privacy\/websites\/#cookies<\/a><\/li>\n<li><strong>Safari<\/strong>:&nbsp;<a href=\"https:\/\/support.apple.com\/es-es\/guide\/safari\/sfri11471\/mac\" target=\"_new\" rel=\"noopener\">https:\/\/support.apple.com\/es-es\/guide\/safari\/sfri11471\/mac<\/a><\/li>\n<li><strong>Opera<\/strong>:&nbsp;<a href=\"https:\/\/help.opera.com\/en\/latest\/security-and-privacy\/#clearBrowsingData\" target=\"_new\" rel=\"noopener\">https:\/\/help.opera.com\/en\/latest\/security-and-privacy\/#clearBrowsingData<\/a><\/li>\n<\/ul>\n<\/li>\n<\/ul>\t\t\t\t\t\t\t\t<\/div>\n\t\t\t\t\t<\/div>\n\t\t\t\t<\/div>\n\t\t\t\t<\/div>","protected":false},"excerpt":{"rendered":"<p>INFORMACI\u00d3N SOBRE COOKIES Conforme con la Ley 34\/2002, de 11 de julio, de servicios de la sociedad de la informaci\u00f3n y de comercio electr\u00f3nico (LSSI), en relaci\u00f3n con el Reglamento (UE) 2016\/679 del Parlamento Europeo y del Consejo, de 27 de abril de 2016, General de Protecci\u00f3n de Datos (GDPR) y la Ley Org\u00e1nica 3\/2018, [&hellip;]<\/p>","protected":false},"author":2,"featured_media":0,"parent":0,"menu_order":0,"comment_status":"closed","ping_status":"closed","template":"","meta":{"footnotes":""},"class_list":["post-404","page","type-page","status-publish","hentry"],"yoast_head":"<!-- This site is optimized with the Yoast SEO plugin v26.3 - https:\/\/yoast.com\/wordpress\/plugins\/seo\/ -->\n<title>Pol\u00edtica de Cookies - doctoravida.com<\/title>\n<meta name=\"robots\" content=\"index, follow, max-snippet:-1, max-image-preview:large, max-video-preview:-1\" \/>\n<link rel=\"canonical\" href=\"https:\/\/doctoravida.com\/en\/politica-de-cookies\/\" \/>\n<meta property=\"og:locale\" content=\"en_GB\" \/>\n<meta property=\"og:type\" content=\"article\" \/>\n<meta property=\"og:title\" content=\"Pol\u00edtica de Cookies - doctoravida.com\" \/>\n<meta property=\"og:description\" content=\"INFORMACI\u00d3N SOBRE COOKIES Conforme con la Ley 34\/2002, de 11 de julio, de servicios de la sociedad de la informaci\u00f3n y de comercio electr\u00f3nico (LSSI), en relaci\u00f3n con el Reglamento (UE) 2016\/679 del Parlamento Europeo y del Consejo, de 27 de abril de 2016, General de Protecci\u00f3n de Datos (GDPR) y la Ley Org\u00e1nica 3\/2018, [&hellip;]\" \/>\n<meta property=\"og:url\" content=\"https:\/\/doctoravida.com\/en\/politica-de-cookies\/\" \/>\n<meta property=\"og:site_name\" content=\"doctoravida.com\" \/>\n<meta property=\"article:modified_time\" content=\"2026-04-18T17:40:14+00:00\" \/>\n<meta name=\"twitter:card\" content=\"summary_large_image\" \/>\n<meta name=\"twitter:label1\" content=\"Estimated reading time\" \/>\n\t<meta name=\"twitter:data1\" content=\"7 minutes\" \/>\n<script type=\"application\/ld+json\" class=\"yoast-schema-graph\">{\"@context\":\"https:\/\/schema.org\",\"@graph\":[{\"@type\":\"WebPage\",\"@id\":\"https:\/\/doctoravida.com\/politica-de-cookies\/\",\"url\":\"https:\/\/doctoravida.com\/politica-de-cookies\/\",\"name\":\"Pol\u00edtica de Cookies - doctoravida.com\",\"isPartOf\":{\"@id\":\"https:\/\/doctoravida.com\/#website\"},\"datePublished\":\"2025-12-23T09:28:08+00:00\",\"dateModified\":\"2026-04-18T17:40:14+00:00\",\"breadcrumb\":{\"@id\":\"https:\/\/doctoravida.com\/politica-de-cookies\/#breadcrumb\"},\"inLanguage\":\"en-GB\",\"potentialAction\":[{\"@type\":\"ReadAction\",\"target\":[\"https:\/\/doctoravida.com\/politica-de-cookies\/\"]}]},{\"@type\":\"BreadcrumbList\",\"@id\":\"https:\/\/doctoravida.com\/politica-de-cookies\/#breadcrumb\",\"itemListElement\":[{\"@type\":\"ListItem\",\"position\":1,\"name\":\"Home\",\"item\":\"https:\/\/doctoravida.com\/\"},{\"@type\":\"ListItem\",\"position\":2,\"name\":\"Pol\u00edtica de Cookies\"}]},{\"@type\":\"WebSite\",\"@id\":\"https:\/\/doctoravida.com\/#website\",\"url\":\"https:\/\/doctoravida.com\/\",\"name\":\"doctoravida.com\",\"description\":\"\",\"potentialAction\":[{\"@type\":\"SearchAction\",\"target\":{\"@type\":\"EntryPoint\",\"urlTemplate\":\"https:\/\/doctoravida.com\/?s={search_term_string}\"},\"query-input\":{\"@type\":\"PropertyValueSpecification\",\"valueRequired\":true,\"valueName\":\"search_term_string\"}}],\"inLanguage\":\"en-GB\"}]}<\/script>\n<!-- \/ Yoast SEO plugin. -->","yoast_head_json":{"title":"Pol\u00edtica de Cookies - doctoravida.com","robots":{"index":"index","follow":"follow","max-snippet":"max-snippet:-1","max-image-preview":"max-image-preview:large","max-video-preview":"max-video-preview:-1"},"canonical":"https:\/\/doctoravida.com\/en\/politica-de-cookies\/","og_locale":"en_GB","og_type":"article","og_title":"Pol\u00edtica de Cookies - doctoravida.com","og_description":"INFORMACI\u00d3N SOBRE COOKIES Conforme con la Ley 34\/2002, de 11 de julio, de servicios de la sociedad de la informaci\u00f3n y de comercio electr\u00f3nico (LSSI), en relaci\u00f3n con el Reglamento (UE) 2016\/679 del Parlamento Europeo y del Consejo, de 27 de abril de 2016, General de Protecci\u00f3n de Datos (GDPR) y la Ley Org\u00e1nica 3\/2018, [&hellip;]","og_url":"https:\/\/doctoravida.com\/en\/politica-de-cookies\/","og_site_name":"doctoravida.com","article_modified_time":"2026-04-18T17:40:14+00:00","twitter_card":"summary_large_image","twitter_misc":{"Estimated reading time":"7 minutes"},"schema":{"@context":"https:\/\/schema.org","@graph":[{"@type":"WebPage","@id":"https:\/\/doctoravida.com\/politica-de-cookies\/","url":"https:\/\/doctoravida.com\/politica-de-cookies\/","name":"Pol\u00edtica de Cookies - doctoravida.com","isPartOf":{"@id":"https:\/\/doctoravida.com\/#website"},"datePublished":"2025-12-23T09:28:08+00:00","dateModified":"2026-04-18T17:40:14+00:00","breadcrumb":{"@id":"https:\/\/doctoravida.com\/politica-de-cookies\/#breadcrumb"},"inLanguage":"en-GB","potentialAction":[{"@type":"ReadAction","target":["https:\/\/doctoravida.com\/politica-de-cookies\/"]}]},{"@type":"BreadcrumbList","@id":"https:\/\/doctoravida.com\/politica-de-cookies\/#breadcrumb","itemListElement":[{"@type":"ListItem","position":1,"name":"Home","item":"https:\/\/doctoravida.com\/"},{"@type":"ListItem","position":2,"name":"Pol\u00edtica de Cookies"}]},{"@type":"WebSite","@id":"https:\/\/doctoravida.com\/#website","url":"https:\/\/doctoravida.com\/","name":"doctoravida.com","description":"","potentialAction":[{"@type":"SearchAction","target":{"@type":"EntryPoint","urlTemplate":"https:\/\/doctoravida.com\/?s={search_term_string}"},"query-input":{"@type":"PropertyValueSpecification","valueRequired":true,"valueName":"search_term_string"}}],"inLanguage":"en-GB"}]}},"_links":{"self":[{"href":"https:\/\/doctoravida.com\/en\/wp-json\/wp\/v2\/pages\/404","targetHints":{"allow":["GET"]}}],"collection":[{"href":"https:\/\/doctoravida.com\/en\/wp-json\/wp\/v2\/pages"}],"about":[{"href":"https:\/\/doctoravida.com\/en\/wp-json\/wp\/v2\/types\/page"}],"author":[{"embeddable":true,"href":"https:\/\/doctoravida.com\/en\/wp-json\/wp\/v2\/users\/2"}],"replies":[{"embeddable":true,"href":"https:\/\/doctoravida.com\/en\/wp-json\/wp\/v2\/comments?post=404"}],"version-history":[{"count":7,"href":"https:\/\/doctoravida.com\/en\/wp-json\/wp\/v2\/pages\/404\/revisions"}],"predecessor-version":[{"id":411,"href":"https:\/\/doctoravida.com\/en\/wp-json\/wp\/v2\/pages\/404\/revisions\/411"}],"wp:attachment":[{"href":"https:\/\/doctoravida.com\/en\/wp-json\/wp\/v2\/media?parent=404"}],"curies":[{"name":"wp","href":"https:\/\/api.w.org\/{rel}","templated":true}]}}