{"id":43,"date":"2025-11-05T15:03:26","date_gmt":"2025-11-05T15:03:26","guid":{"rendered":"https:\/\/doctoravida.com\/?page_id=43"},"modified":"2026-04-18T17:40:14","modified_gmt":"2026-04-18T17:40:14","slug":"inicio","status":"publish","type":"page","link":"https:\/\/doctoravida.com\/en\/","title":{"rendered":"Home"},"content":{"rendered":"<div data-elementor-type=\"wp-page\" data-elementor-id=\"43\" class=\"elementor elementor-43\" data-elementor-settings=\"{&quot;ha_cmc_init_switcher&quot;:&quot;no&quot;}\" data-elementor-post-type=\"page\">\n\t\t\t\t\t\t<section class=\"elementor-section elementor-top-section elementor-element elementor-element-64ae64aa elementor-section-height-min-height elementor-section-boxed elementor-section-height-default elementor-section-items-middle elementor-invisible\" data-id=\"64ae64aa\" data-element_type=\"section\" data-settings=\"{&quot;background_background&quot;:&quot;slideshow&quot;,&quot;animation&quot;:&quot;fadeIn&quot;,&quot;background_slideshow_gallery&quot;:[{&quot;id&quot;:91,&quot;url&quot;:&quot;https:\\\/\\\/doctoravida.com\\\/wp-content\\\/uploads\\\/2025\\\/11\\\/foto-mial-e1762947060254.jpg&quot;},{&quot;id&quot;:92,&quot;url&quot;:&quot;https:\\\/\\\/doctoravida.com\\\/wp-content\\\/uploads\\\/2025\\\/11\\\/foto-tto-Terapia-luminica.png&quot;},{&quot;id&quot;:290,&quot;url&quot;:&quot;https:\\\/\\\/doctoravida.com\\\/wp-content\\\/uploads\\\/2025\\\/11\\\/C0DDFB55-08EF-449A-92BF-B7D35D251BA7.png&quot;},{&quot;id&quot;:292,&quot;url&quot;:&quot;https:\\\/\\\/doctoravida.com\\\/wp-content\\\/uploads\\\/2025\\\/11\\\/IMG_4524-e1762945620513.png&quot;},{&quot;id&quot;:288,&quot;url&quot;:&quot;https:\\\/\\\/doctoravida.com\\\/wp-content\\\/uploads\\\/2025\\\/11\\\/IMG_4519-e1762945636289.png&quot;}],&quot;background_slideshow_ken_burns&quot;:&quot;yes&quot;,&quot;background_slideshow_loop&quot;:&quot;yes&quot;,&quot;background_slideshow_slide_duration&quot;:5000,&quot;background_slideshow_slide_transition&quot;:&quot;fade&quot;,&quot;background_slideshow_transition_duration&quot;:500,&quot;background_slideshow_ken_burns_zoom_direction&quot;:&quot;in&quot;,&quot;_ha_eqh_enable&quot;:false}\">\n\t\t\t\t\t\t<div class=\"elementor-container elementor-column-gap-default\">\n\t\t\t\t\t<div class=\"elementor-column elementor-col-50 elementor-top-column elementor-element elementor-element-60f30ac4\" data-id=\"60f30ac4\" data-element_type=\"column\">\n\t\t\t<div class=\"elementor-widget-wrap elementor-element-populated\">\n\t\t\t\t\t\t<div class=\"elementor-element elementor-element-15c42061 elementor-invisible elementor-widget elementor-widget-heading\" data-id=\"15c42061\" data-element_type=\"widget\" data-settings=\"{&quot;_animation&quot;:&quot;fadeInDown&quot;,&quot;_animation_delay&quot;:500}\" data-widget_type=\"heading.default\">\n\t\t\t\t\t<h1 class=\"elementor-heading-title elementor-size-default\">by Dr. Christina Schepers<\/h1>\t\t\t\t<\/div>\n\t\t\t\t<div class=\"elementor-element elementor-element-3e1586f elementor-invisible elementor-widget elementor-widget-text-editor\" data-id=\"3e1586f\" data-element_type=\"widget\" data-settings=\"{&quot;_animation&quot;:&quot;fadeInUp&quot;,&quot;_animation_delay&quot;:600}\" data-widget_type=\"text-editor.default\">\n\t\t\t\t\t\t\t\t\tSpecialist in Dermatology and Integrative Medicine<br>Number of collegiate: 29239 Official College of Doctors of Barcelona\t\t\t\t\t\t\t\t<\/div>\n\t\t<div class=\"elementor-element elementor-element-a43720f e-flex e-con-boxed e-con e-parent\" data-id=\"a43720f\" data-element_type=\"container\" data-settings=\"{&quot;_ha_eqh_enable&quot;:false}\">\n\t\t\t\t\t<div class=\"e-con-inner\">\n\t\t\t\t<div class=\"elementor-element elementor-element-6b51f9b elementor-widget__width-auto elementor-mobile-align-justify elementor-widget-mobile__width-inherit elementor-invisible elementor-widget elementor-widget-button\" data-id=\"6b51f9b\" data-element_type=\"widget\" data-settings=\"{&quot;_animation&quot;:&quot;rotateInUpRight&quot;,&quot;_animation_delay&quot;:900}\" data-widget_type=\"button.default\">\n\t\t\t\t\t\t\t\t\t\t<a class=\"elementor-button elementor-button-link elementor-size-sm\" href=\"https:\/\/doctoravida.com\/en\/servicios\/\">\n\t\t\t\t\t\t<span class=\"elementor-button-content-wrapper\">\n\t\t\t\t\t\t\t\t\t<span class=\"elementor-button-text\">Services<\/span>\n\t\t\t\t\t<\/span>\n\t\t\t\t\t<\/a>\n\t\t\t\t\t\t\t\t<\/div>\n\t\t\t\t<div class=\"elementor-element elementor-element-12664c0 elementor-align-left elementor-invisible elementor-widget elementor-widget-button\" data-id=\"12664c0\" data-element_type=\"widget\" data-settings=\"{&quot;_animation_delay&quot;:200,&quot;_animation&quot;:&quot;fadeInUp&quot;}\" data-widget_type=\"button.default\">\n\t\t\t\t\t\t\t\t\t\t<a class=\"elementor-button elementor-button-link elementor-size-sm\" href=\"mailto:citasonline@doctoravida.com\">\n\t\t\t\t\t\t<span class=\"elementor-button-content-wrapper\">\n\t\t\t\t\t\t\t\t\t<span class=\"elementor-button-text\">Book your online consultation<\/span>\n\t\t\t\t\t<\/span>\n\t\t\t\t\t<\/a>\n\t\t\t\t\t\t\t\t<\/div>\n\t\t\t\t\t<\/div>\n\t\t\t\t<\/div>\n\t\t\t\t\t<\/div>\n\t\t<\/div>\n\t\t\t\t<div class=\"elementor-column elementor-col-50 elementor-top-column elementor-element elementor-element-162b2f3c\" data-id=\"162b2f3c\" data-element_type=\"column\">\n\t\t\t<div class=\"elementor-widget-wrap elementor-element-populated\">\n\t\t\t\t\t\t<div class=\"elementor-element elementor-element-3542d08 elementor-widget elementor-widget-image\" data-id=\"3542d08\" data-element_type=\"widget\" data-widget_type=\"image.default\">\n\t\t\t\t\t\t\t\t\t\t\t\t\t\t\t<img fetchpriority=\"high\" decoding=\"async\" width=\"659\" height=\"968\" src=\"https:\/\/doctoravida.com\/wp-content\/uploads\/2025\/12\/c3bce000-57a7-4fdf-9769-54f3ac67c181-e1766479747597.png\" class=\"attachment-large size-large wp-image-358\" alt=\"\" srcset=\"https:\/\/doctoravida.com\/wp-content\/uploads\/2025\/12\/c3bce000-57a7-4fdf-9769-54f3ac67c181-e1766479747597.png 659w, https:\/\/doctoravida.com\/wp-content\/uploads\/2025\/12\/c3bce000-57a7-4fdf-9769-54f3ac67c181-e1766479747597-204x300.png 204w\" sizes=\"(max-width: 659px) 100vw, 659px\" \/>\t\t\t\t\t\t\t\t\t\t\t\t\t\t\t<\/div>\n\t\t\t\t\t<\/div>\n\t\t<\/div>\n\t\t\t\t\t<\/div>\n\t\t<\/section>\n\t\t\t\t<\/div>","protected":false},"excerpt":{"rendered":"<p>Dra. Christina Schepers Especialista en Dermatolog\u00eda y Medicina IntegrativaN\u00ba de colegiado: 29239 Colegio Oficial de M\u00e9dicos de Barcelona Servicios Pedir cita online<\/p>","protected":false},"author":2,"featured_media":0,"parent":0,"menu_order":0,"comment_status":"closed","ping_status":"closed","template":"","meta":{"footnotes":""},"class_list":["post-43","page","type-page","status-publish","hentry"],"yoast_head":"<!-- This site is optimized with the Yoast SEO plugin v26.3 - https:\/\/yoast.com\/wordpress\/plugins\/seo\/ -->\n<title>Dra. Christina Schepers | Doctora Vida<\/title>\n<meta name=\"description\" content=\"Web oficial de la Dra. Christina Schepers. Especialista en dermatolog\u00eda cl\u00ednica y est\u00e9tica. Accede a consultas online de calidad desde tu hogar.\" \/>\n<meta name=\"robots\" content=\"index, follow, max-snippet:-1, max-image-preview:large, max-video-preview:-1\" \/>\n<link rel=\"canonical\" href=\"https:\/\/doctoravida.com\/en\/\" \/>\n<meta property=\"og:locale\" content=\"en_GB\" \/>\n<meta property=\"og:type\" content=\"article\" \/>\n<meta property=\"og:title\" content=\"Dra. Christina Schepers | Doctora Vida\" \/>\n<meta property=\"og:description\" content=\"Web oficial de la Dra. Christina Schepers. Especialista en dermatolog\u00eda cl\u00ednica y est\u00e9tica. Accede a consultas online de calidad desde tu hogar.\" \/>\n<meta property=\"og:url\" content=\"https:\/\/doctoravida.com\/en\/\" \/>\n<meta property=\"og:site_name\" content=\"doctoravida.com\" \/>\n<meta property=\"article:modified_time\" content=\"2026-04-18T17:40:14+00:00\" \/>\n<meta property=\"og:image\" content=\"https:\/\/doctoravida.com\/wp-content\/uploads\/2025\/12\/c3bce000-57a7-4fdf-9769-54f3ac67c181-e1766479747597.png\" \/>\n\t<meta property=\"og:image:width\" content=\"659\" \/>\n\t<meta property=\"og:image:height\" content=\"968\" \/>\n\t<meta property=\"og:image:type\" content=\"image\/png\" \/>\n<meta name=\"twitter:card\" content=\"summary_large_image\" \/>\n<meta name=\"twitter:label1\" content=\"Estimated reading time\" \/>\n\t<meta name=\"twitter:data1\" content=\"1 minute\" \/>\n<script type=\"application\/ld+json\" class=\"yoast-schema-graph\">{\"@context\":\"https:\/\/schema.org\",\"@graph\":[{\"@type\":\"WebPage\",\"@id\":\"https:\/\/doctoravida.com\/\",\"url\":\"https:\/\/doctoravida.com\/\",\"name\":\"Dra. Christina Schepers | Doctora Vida\",\"isPartOf\":{\"@id\":\"https:\/\/doctoravida.com\/#website\"},\"primaryImageOfPage\":{\"@id\":\"https:\/\/doctoravida.com\/#primaryimage\"},\"image\":{\"@id\":\"https:\/\/doctoravida.com\/#primaryimage\"},\"thumbnailUrl\":\"https:\/\/doctoravida.com\/wp-content\/uploads\/2025\/12\/c3bce000-57a7-4fdf-9769-54f3ac67c181-e1766479747597.png\",\"datePublished\":\"2025-11-05T15:03:26+00:00\",\"dateModified\":\"2026-04-18T17:40:14+00:00\",\"description\":\"Web oficial de la Dra. Christina Schepers. Especialista en dermatolog\u00eda cl\u00ednica y est\u00e9tica. Accede a consultas online de calidad desde tu hogar.\",\"breadcrumb\":{\"@id\":\"https:\/\/doctoravida.com\/#breadcrumb\"},\"inLanguage\":\"en-GB\",\"potentialAction\":[{\"@type\":\"ReadAction\",\"target\":[\"https:\/\/doctoravida.com\/\"]}]},{\"@type\":\"ImageObject\",\"inLanguage\":\"en-GB\",\"@id\":\"https:\/\/doctoravida.com\/#primaryimage\",\"url\":\"https:\/\/doctoravida.com\/wp-content\/uploads\/2025\/12\/c3bce000-57a7-4fdf-9769-54f3ac67c181-e1766479747597.png\",\"contentUrl\":\"https:\/\/doctoravida.com\/wp-content\/uploads\/2025\/12\/c3bce000-57a7-4fdf-9769-54f3ac67c181-e1766479747597.png\"},{\"@type\":\"BreadcrumbList\",\"@id\":\"https:\/\/doctoravida.com\/#breadcrumb\",\"itemListElement\":[{\"@type\":\"ListItem\",\"position\":1,\"name\":\"Home\",\"item\":\"https:\/\/doctoravida.com\/\"},{\"@type\":\"ListItem\",\"position\":2,\"name\":\"Inicio\"}]},{\"@type\":\"WebSite\",\"@id\":\"https:\/\/doctoravida.com\/#website\",\"url\":\"https:\/\/doctoravida.com\/\",\"name\":\"doctoravida.com\",\"description\":\"\",\"potentialAction\":[{\"@type\":\"SearchAction\",\"target\":{\"@type\":\"EntryPoint\",\"urlTemplate\":\"https:\/\/doctoravida.com\/?s={search_term_string}\"},\"query-input\":{\"@type\":\"PropertyValueSpecification\",\"valueRequired\":true,\"valueName\":\"search_term_string\"}}],\"inLanguage\":\"en-GB\"}]}<\/script>\n<!-- \/ Yoast SEO plugin. -->","yoast_head_json":{"title":"Dra. Christina Schepers | Doctora Vida","description":"Web oficial de la Dra. Christina Schepers. Especialista en dermatolog\u00eda cl\u00ednica y est\u00e9tica. Accede a consultas online de calidad desde tu hogar.","robots":{"index":"index","follow":"follow","max-snippet":"max-snippet:-1","max-image-preview":"max-image-preview:large","max-video-preview":"max-video-preview:-1"},"canonical":"https:\/\/doctoravida.com\/en\/","og_locale":"en_GB","og_type":"article","og_title":"Dra. Christina Schepers | Doctora Vida","og_description":"Web oficial de la Dra. Christina Schepers. Especialista en dermatolog\u00eda cl\u00ednica y est\u00e9tica. Accede a consultas online de calidad desde tu hogar.","og_url":"https:\/\/doctoravida.com\/en\/","og_site_name":"doctoravida.com","article_modified_time":"2026-04-18T17:40:14+00:00","og_image":[{"width":659,"height":968,"url":"https:\/\/doctoravida.com\/wp-content\/uploads\/2025\/12\/c3bce000-57a7-4fdf-9769-54f3ac67c181-e1766479747597.png","type":"image\/png"}],"twitter_card":"summary_large_image","twitter_misc":{"Estimated reading time":"1 minute"},"schema":{"@context":"https:\/\/schema.org","@graph":[{"@type":"WebPage","@id":"https:\/\/doctoravida.com\/","url":"https:\/\/doctoravida.com\/","name":"Dra. Christina Schepers | Doctora Vida","isPartOf":{"@id":"https:\/\/doctoravida.com\/#website"},"primaryImageOfPage":{"@id":"https:\/\/doctoravida.com\/#primaryimage"},"image":{"@id":"https:\/\/doctoravida.com\/#primaryimage"},"thumbnailUrl":"https:\/\/doctoravida.com\/wp-content\/uploads\/2025\/12\/c3bce000-57a7-4fdf-9769-54f3ac67c181-e1766479747597.png","datePublished":"2025-11-05T15:03:26+00:00","dateModified":"2026-04-18T17:40:14+00:00","description":"Web oficial de la Dra. Christina Schepers. Especialista en dermatolog\u00eda cl\u00ednica y est\u00e9tica. Accede a consultas online de calidad desde tu hogar.","breadcrumb":{"@id":"https:\/\/doctoravida.com\/#breadcrumb"},"inLanguage":"en-GB","potentialAction":[{"@type":"ReadAction","target":["https:\/\/doctoravida.com\/"]}]},{"@type":"ImageObject","inLanguage":"en-GB","@id":"https:\/\/doctoravida.com\/#primaryimage","url":"https:\/\/doctoravida.com\/wp-content\/uploads\/2025\/12\/c3bce000-57a7-4fdf-9769-54f3ac67c181-e1766479747597.png","contentUrl":"https:\/\/doctoravida.com\/wp-content\/uploads\/2025\/12\/c3bce000-57a7-4fdf-9769-54f3ac67c181-e1766479747597.png"},{"@type":"BreadcrumbList","@id":"https:\/\/doctoravida.com\/#breadcrumb","itemListElement":[{"@type":"ListItem","position":1,"name":"Home","item":"https:\/\/doctoravida.com\/"},{"@type":"ListItem","position":2,"name":"Inicio"}]},{"@type":"WebSite","@id":"https:\/\/doctoravida.com\/#website","url":"https:\/\/doctoravida.com\/","name":"doctoravida.com","description":"","potentialAction":[{"@type":"SearchAction","target":{"@type":"EntryPoint","urlTemplate":"https:\/\/doctoravida.com\/?s={search_term_string}"},"query-input":{"@type":"PropertyValueSpecification","valueRequired":true,"valueName":"search_term_string"}}],"inLanguage":"en-GB"}]}},"_links":{"self":[{"href":"https:\/\/doctoravida.com\/en\/wp-json\/wp\/v2\/pages\/43","targetHints":{"allow":["GET"]}}],"collection":[{"href":"https:\/\/doctoravida.com\/en\/wp-json\/wp\/v2\/pages"}],"about":[{"href":"https:\/\/doctoravida.com\/en\/wp-json\/wp\/v2\/types\/page"}],"author":[{"embeddable":true,"href":"https:\/\/doctoravida.com\/en\/wp-json\/wp\/v2\/users\/2"}],"replies":[{"embeddable":true,"href":"https:\/\/doctoravida.com\/en\/wp-json\/wp\/v2\/comments?post=43"}],"version-history":[{"count":56,"href":"https:\/\/doctoravida.com\/en\/wp-json\/wp\/v2\/pages\/43\/revisions"}],"predecessor-version":[{"id":499,"href":"https:\/\/doctoravida.com\/en\/wp-json\/wp\/v2\/pages\/43\/revisions\/499"}],"wp:attachment":[{"href":"https:\/\/doctoravida.com\/en\/wp-json\/wp\/v2\/media?parent=43"}],"curies":[{"name":"wp","href":"https:\/\/api.w.org\/{rel}","templated":true}]}}